{"id":5707,"date":"2015-02-19T09:48:19","date_gmt":"2015-02-19T09:48:19","guid":{"rendered":"http:\/\/demo2.wpresidence.net\/?page_id=5707"},"modified":"2025-11-07T22:42:37","modified_gmt":"2025-11-08T01:42:37","slug":"contato-e-localizacao","status":"publish","type":"page","link":"https:\/\/teixeiraimoveisparaty.com.br\/imoveis\/contato-e-localizacao\/","title":{"rendered":"Contato &#038; Localiza\u00e7\u00e3o"},"content":{"rendered":"<p>[vc_row][vc_column][vc_column_text]<\/p>\r\n<p style=\"text-align: center;\"><strong><span style=\"font-size: 14pt;\">Esta \u00e1rea \u00e9 dedicada aos nossos amigos e clientes para entrar contato solicitando informa\u00e7\u00f5es ou para dar sugest\u00f5es.<\/span><\/strong><\/p>\r\n<p style=\"text-align: center;\"><strong><span style=\"font-size: 14pt;\">Nosso objetivo \u00e9 interagir com o p\u00fablico para sempre prestarmos um servi\u00e7o de excel\u00eancia.<\/span><\/strong><\/p>\r\n<p>[\/vc_column_text][\/vc_column][\/vc_row][vc_row][vc_column width=&#8221;2\/3&#8243;][vc_empty_space height=&#8221;50&#8243;][vc_column_text]<\/p>\r\n<p><\/p>\r\n<p><\/p>\r\n<figure class=\"wp-block-image\"><\/figure>\r\n<p>\u00a0 <img loading=\"lazy\" decoding=\"async\" width=\"25\" height=\"25\" class=\"wp-image-19973\" src=\"https:\/\/teixeiraimoveisparaty.com.br\/imoveis\/wp-content\/uploads\/2018\/12\/zap-1.jpg\" alt=\"\" \/><span style=\"font-size: 14pt;\"><strong><span style=\"color: #800000;\"> 24 98843-7587<\/span> &#8211; M\u00e1rio Sergio Teixeira<\/strong> <strong>CRECI: 47933 &#8211; RJ<\/strong><\/span><\/p>\r\n<p>&nbsp;<\/p>\r\n<p>&nbsp;<\/p>\r\n<p>&nbsp;<\/p>\r\n<h2>\u00a0<\/h2>\r\n<h2><span style=\"font-size: 14pt;\">Rua Presidente Pedreira, n\u00ba 788, Ch\u00e1cara, Paraty &#8211; RJ, cep: 23970-00<\/span><\/h2>\r\n<p><\/p>\r\n<p>[\/vc_column_text][\/vc_column][vc_column width=&#8221;1\/3&#8243;][vc_column_text]<\/p>\r\n<p>Utilize nosso formul\u00e1rio: <div role=\"form\" class=\"wpcf7\" id=\"wpcf7-f50487-o1\" lang=\"pt-BR\" dir=\"ltr\">\n<div class=\"screen-reader-response\"><\/div>\n<form action=\"\/imoveis\/wp-json\/wp\/v2\/pages\/5707#wpcf7-f50487-o1\" method=\"post\" class=\"wpcf7-form\" novalidate=\"novalidate\">\n<div style=\"display: none;\">\n<input type=\"hidden\" name=\"_wpcf7\" value=\"50487\" \/>\n<input type=\"hidden\" name=\"_wpcf7_version\" value=\"4.4.2\" \/>\n<input type=\"hidden\" name=\"_wpcf7_locale\" value=\"pt_BR\" \/>\n<input type=\"hidden\" name=\"_wpcf7_unit_tag\" value=\"wpcf7-f50487-o1\" \/>\n<input type=\"hidden\" name=\"_wpnonce\" value=\"b45dbd2e19\" \/>\n<\/div>\n<p>Your Name (required)<br \/>\n    <span class=\"wpcf7-form-control-wrap your-name\"><input type=\"text\" name=\"your-name\" value=\"\" size=\"40\" class=\"wpcf7-form-control wpcf7-text wpcf7-validates-as-required\" aria-required=\"true\" aria-invalid=\"false\" \/><\/span> <\/p>\n<p>Your Email (required)<br \/>\n    <span class=\"wpcf7-form-control-wrap your-email\"><input type=\"email\" name=\"your-email\" value=\"\" size=\"40\" class=\"wpcf7-form-control wpcf7-text wpcf7-email wpcf7-validates-as-required wpcf7-validates-as-email\" aria-required=\"true\" aria-invalid=\"false\" \/><\/span> <\/p>\n<p>Assunto<br \/>\n    <span class=\"wpcf7-form-control-wrap your-subject\"><input type=\"text\" name=\"your-subject\" value=\"\" size=\"40\" class=\"wpcf7-form-control wpcf7-text\" aria-invalid=\"false\" \/><\/span> <\/p>\n<p>Your Message<br \/>\n    <span class=\"wpcf7-form-control-wrap your-message\"><textarea name=\"your-message\" cols=\"40\" rows=\"10\" class=\"wpcf7-form-control wpcf7-textarea\" aria-invalid=\"false\"><\/textarea><\/span> <\/p>\n<p><input type=\"submit\" value=\"Enviar\" class=\"wpcf7-form-control wpcf7-submit\" \/><\/p>\n<div class=\"wpcf7-response-output wpcf7-display-none\"><\/div><\/form><\/div>\r\n<p>[\/vc_column_text][\/vc_column][\/vc_row][vc_row][vc_column][vc_column_text] [\/vc_column_text][\/vc_column][\/vc_row]<\/p>","protected":false},"excerpt":{"rendered":"<p>[vc_row][vc_column][vc_column_text] Esta \u00e1rea \u00e9 dedicada aos nossos amigos e clientes para entrar contato solicitando informa\u00e7\u00f5es ou para dar sugest\u00f5es. Nosso objetivo \u00e9 interagir com o p\u00fablico para sempre prestarmos um servi\u00e7o de excel\u00eancia. [\/vc_column_text][\/vc_column][\/vc_row][vc_row][vc_column width=&#8221;2\/3&#8243;][vc_empty_space height=&#8221;50&#8243;][vc_column_text] [\/vc_column_text][\/vc_column][vc_column width=&#8221;1\/3&#8243;][vc_column_text] Utilize nosso formul\u00e1rio: [\/vc_column_text][\/vc_column][\/vc_row][vc_row][vc_column][vc_column_text] [\/vc_column_text][\/vc_column][\/vc_row]<\/p>\n","protected":false},"author":1,"featured_media":0,"parent":0,"menu_order":0,"comment_status":"closed","ping_status":"closed","template":"","meta":{"_joinchat":[],"footnotes":""},"class_list":["post-5707","page","type-page","status-publish","hentry"],"_links":{"self":[{"href":"https:\/\/teixeiraimoveisparaty.com.br\/imoveis\/wp-json\/wp\/v2\/pages\/5707","targetHints":{"allow":["GET"]}}],"collection":[{"href":"https:\/\/teixeiraimoveisparaty.com.br\/imoveis\/wp-json\/wp\/v2\/pages"}],"about":[{"href":"https:\/\/teixeiraimoveisparaty.com.br\/imoveis\/wp-json\/wp\/v2\/types\/page"}],"author":[{"embeddable":true,"href":"https:\/\/teixeiraimoveisparaty.com.br\/imoveis\/wp-json\/wp\/v2\/users\/1"}],"replies":[{"embeddable":true,"href":"https:\/\/teixeiraimoveisparaty.com.br\/imoveis\/wp-json\/wp\/v2\/comments?post=5707"}],"version-history":[{"count":44,"href":"https:\/\/teixeiraimoveisparaty.com.br\/imoveis\/wp-json\/wp\/v2\/pages\/5707\/revisions"}],"predecessor-version":[{"id":19981,"href":"https:\/\/teixeiraimoveisparaty.com.br\/imoveis\/wp-json\/wp\/v2\/pages\/5707\/revisions\/19981"}],"wp:attachment":[{"href":"https:\/\/teixeiraimoveisparaty.com.br\/imoveis\/wp-json\/wp\/v2\/media?parent=5707"}],"curies":[{"name":"wp","href":"https:\/\/api.w.org\/{rel}","templated":true}]}}